{"id":144,"date":"2017-11-30T10:59:44","date_gmt":"2017-11-30T10:59:44","guid":{"rendered":"https:\/\/careerfy.net\/hireright\/\/?page_id=11"},"modified":"2019-12-12T15:55:38","modified_gmt":"2019-12-12T15:55:38","slug":"employer-listing","status":"publish","type":"page","link":"https:\/\/www.grupopro.pe\/Portal\/employer-listing\/","title":{"rendered":"Outsourcing"},"content":{"rendered":"<div class=\"vc_row wpb_row vc_row-fluid vc_custom_1576165996515 vc_row-has-fill\"><div class=\"wpb_column vc_column_container vc_col-sm-6\"><div class=\"vc_column-inner\"><div class=\"wpb_wrapper\"><div class=\"careerfy-element-title\"><h2 style=\"color: #ffffff;text-align: center;font-family:Montserrat;font-weight:700;font-style:normal\" class=\"vc_custom_heading vc_custom_1576163083581\">OUTSOURCING<\/h2><\/div><div class=\"vc_empty_space\"   style=\"height: 32px\"><span class=\"vc_empty_space_inner\"><\/span><\/div>\n\t<div class=\"wpb_text_column wpb_content_element  vc_custom_1576094875089\" >\n\t\t<div class=\"wpb_wrapper\">\n\t\t\t<h5 align=\"justify\">Identificamos que proceso de su negocio podemos desempe\u00f1ar con mayor eficiencia; para que usted se enfoque en la funci\u00f3n central.<\/h5>\n<h5 align=\"justify\">nos alineamos a sus objetivos y necesidades, manteniendo autonom\u00eda en la administraci\u00f3n del proceso.<\/h5>\n\n\t\t<\/div>\n\t<\/div>\n<\/div><\/div><\/div><div class=\"wpb_column vc_column_container vc_col-sm-6 vc_col-has-fill\"><div class=\"vc_column-inner vc_custom_1576013859548\"><div class=\"wpb_wrapper\"><div class=\"vc_empty_space\"   style=\"height: 128px\"><span class=\"vc_empty_space_inner\"><\/span><\/div><div class=\"vc_empty_space\"   style=\"height: 128px\"><span class=\"vc_empty_space_inner\"><\/span><\/div><div class=\"vc_empty_space\"   style=\"height: 128px\"><span class=\"vc_empty_space_inner\"><\/span><\/div><div class=\"vc_empty_space\"   style=\"height: 128px\"><span class=\"vc_empty_space_inner\"><\/span><\/div><\/div><\/div><\/div><\/div>\n","protected":false},"excerpt":{"rendered":"OUTSOURCING Identificamos que proceso de su negocio podemos desempe\u00f1ar con mayor eficiencia; para que usted se enfoque en la funci\u00f3n central. nos alineamos a sus objetivos y necesidades, manteniendo autonom\u00eda en la administraci\u00f3n del proceso.","protected":false},"author":1,"featured_media":0,"parent":0,"menu_order":0,"comment_status":"closed","ping_status":"closed","template":"","meta":{"footnotes":""},"class_list":["post-144","page","type-page","status-publish","hentry"],"_links":{"self":[{"href":"https:\/\/www.grupopro.pe\/Portal\/wp-json\/wp\/v2\/pages\/144","targetHints":{"allow":["GET"]}}],"collection":[{"href":"https:\/\/www.grupopro.pe\/Portal\/wp-json\/wp\/v2\/pages"}],"about":[{"href":"https:\/\/www.grupopro.pe\/Portal\/wp-json\/wp\/v2\/types\/page"}],"author":[{"embeddable":true,"href":"https:\/\/www.grupopro.pe\/Portal\/wp-json\/wp\/v2\/users\/1"}],"replies":[{"embeddable":true,"href":"https:\/\/www.grupopro.pe\/Portal\/wp-json\/wp\/v2\/comments?post=144"}],"version-history":[{"count":14,"href":"https:\/\/www.grupopro.pe\/Portal\/wp-json\/wp\/v2\/pages\/144\/revisions"}],"predecessor-version":[{"id":1278,"href":"https:\/\/www.grupopro.pe\/Portal\/wp-json\/wp\/v2\/pages\/144\/revisions\/1278"}],"wp:attachment":[{"href":"https:\/\/www.grupopro.pe\/Portal\/wp-json\/wp\/v2\/media?parent=144"}],"curies":[{"name":"wp","href":"https:\/\/api.w.org\/{rel}","templated":true}]}}