{"id":142,"date":"2017-12-14T06:19:45","date_gmt":"2017-12-14T06:19:45","guid":{"rendered":"https:\/\/careerfy.net\/hireright\/\/?page_id=522"},"modified":"2019-12-11T18:17:14","modified_gmt":"2019-12-11T18:17:14","slug":"about-us","status":"publish","type":"page","link":"https:\/\/www.grupopro.pe\/Portal\/about-us\/","title":{"rendered":"NOSOTROS"},"content":{"rendered":"<div class=\"vc_row wpb_row vc_row-fluid vc_custom_1576014378275 vc_row-has-fill\"><div class=\"wpb_column vc_column_container vc_col-sm-6\"><div class=\"vc_column-inner\"><div class=\"wpb_wrapper\">        <div class=\"row\">\r\n            <div class=\"col-md-12 careerfy-typo-wrap\">\r\n                <div class=\"careerfy-about-text\">\r\n                                <h2 >Grupo Pro<\/h2>\r\n                                            <p ><\/p>\n<h5 align=\"JUSTIFY\">Es una empresa peruana dedicada a brindar soporte en procesos de Gesti\u00f3n Humana, que marca la diferencia con un servicio altamente personalizado. Nuestros procesos son dise\u00f1ados a la medida de los procesos de su organizaci\u00f3n, con un alto nivel de eficiencia.<\/h5>\n<p><\/p>\r\n                                    <\/div>\r\n            <\/div>\r\n                <\/div>\r\n            <div class=\"vc_row wpb_row vc_inner vc_row-fluid\"><div class=\"wpb_column vc_column_container vc_col-sm-12\"><div class=\"vc_column-inner\"><div class=\"wpb_wrapper\"><div class=\"careerfy-element-title\"><h2 style=\"text-align: left;font-family:Montserrat;font-weight:700;font-style:normal\" class=\"vc_custom_heading\">VENTAJAS<\/h2><\/div>\n\t<div class=\"wpb_text_column wpb_content_element \" >\n\t\t<div class=\"wpb_wrapper\">\n\t\t\t<ul>\n<li style=\"font-weight: 400;\">\n<h5>Contamos con 12 a\u00f1os de experiencia.<\/h5>\n<\/li>\n<li style=\"font-weight: 400;\">\n<h5>Servicio altamente personalizado para dar asesoramiento integral y soluciones a la medida.<\/h5>\n<\/li>\n<li style=\"font-weight: 400;\">\n<h5>Homologaciones aprobadas por SGS y Bureau Veritas.<\/h5>\n<\/li>\n<li style=\"font-weight: 400;\">\n<h5>Clientes top altamente fidelizados.<\/h5>\n<\/li>\n<li style=\"font-weight: 400;\">\n<h5>Equipo profesional comprometido a cumplir expectativas.<\/h5>\n<\/li>\n<li style=\"font-weight: 400;\">\n<h5>Tiempos de respuesta oportunos.<\/h5>\n<\/li>\n<li style=\"font-weight: 400;\">\n<h5>Alta especializaci\u00f3n en recursos humanos en los diferentes rubros.<\/h5>\n<\/li>\n<li style=\"font-weight: 400;\">\n<h5>Solidez econ\u00f3mica.<\/h5>\n<\/li>\n<\/ul>\n\n\t\t<\/div>\n\t<\/div>\n<\/div><\/div><\/div><\/div><div class=\"vc_tta-container\" data-vc-action=\"collapse\"><div class=\"vc_general vc_tta vc_tta-tabs vc_tta-color-grey vc_tta-style-classic vc_tta-shape-rounded vc_tta-spacing-1 vc_tta-tabs-position-top vc_tta-controls-align-left\"><div class=\"vc_tta-tabs-container\"><ul class=\"vc_tta-tabs-list\"><li class=\"vc_tta-tab vc_active\" data-vc-tab><a href=\"#1572010070849-96838348-4f3a\" data-vc-tabs data-vc-container=\".vc_tta\"><i class=\"vc_tta-icon careerfy-icon careerfy-gps-o\"><\/i><span class=\"vc_tta-title-text\">MISI\u00d3N<\/span><\/a><\/li><li class=\"vc_tta-tab\" data-vc-tab><a href=\"#1572010304208-d84382ba-d7ac\" data-vc-tabs data-vc-container=\".vc_tta\"><i class=\"vc_tta-icon careerfy-icon careerfy-plane\"><\/i><span class=\"vc_tta-title-text\">VISI\u00d3N<\/span><\/a><\/li><li class=\"vc_tta-tab\" data-vc-tab><a href=\"#1572010352473-9bc551b2-25a6\" data-vc-tabs data-vc-container=\".vc_tta\"><i class=\"vc_tta-icon careerfy-icon careerfy-user\"><\/i><span class=\"vc_tta-title-text\">VALORES<\/span><\/a><\/li><\/ul><\/div><div class=\"vc_tta-panels-container\"><div class=\"vc_tta-panels\"><div class=\"vc_tta-panel vc_active\" id=\"1572010070849-96838348-4f3a\" data-vc-content=\".vc_tta-panel-body\"><div class=\"vc_tta-panel-heading\"><h4 class=\"vc_tta-panel-title\"><a href=\"#1572010070849-96838348-4f3a\" data-vc-accordion data-vc-container=\".vc_tta-container\"><i class=\"vc_tta-icon careerfy-icon careerfy-gps-o\"><\/i><span class=\"vc_tta-title-text\">MISI\u00d3N<\/span><\/a><\/h4><\/div><div class=\"vc_tta-panel-body\">\n\t<div class=\"wpb_text_column wpb_content_element \" >\n\t\t<div class=\"wpb_wrapper\">\n\t\t\t<h5>Nos dedicamos a entregar servicios de Gesti\u00f3n Humana que facilitan la operatividad de nuestros clientes y generan valor a sus actividades.<\/h5>\n\n\t\t<\/div>\n\t<\/div>\n<\/div><\/div><div class=\"vc_tta-panel\" id=\"1572010304208-d84382ba-d7ac\" data-vc-content=\".vc_tta-panel-body\"><div class=\"vc_tta-panel-heading\"><h4 class=\"vc_tta-panel-title\"><a href=\"#1572010304208-d84382ba-d7ac\" data-vc-accordion data-vc-container=\".vc_tta-container\"><i class=\"vc_tta-icon careerfy-icon careerfy-plane\"><\/i><span class=\"vc_tta-title-text\">VISI\u00d3N<\/span><\/a><\/h4><\/div><div class=\"vc_tta-panel-body\">\n\t<div class=\"wpb_text_column wpb_content_element \" >\n\t\t<div class=\"wpb_wrapper\">\n\t\t\t<h5>Ser reconocida por empresarios, trabajadores y competencia como una de las 5 mejores empresas de Recursos Humanos del Per\u00fa en un periodo de 3 a\u00f1os.<\/h5>\n\n\t\t<\/div>\n\t<\/div>\n<\/div><\/div><div class=\"vc_tta-panel\" id=\"1572010352473-9bc551b2-25a6\" data-vc-content=\".vc_tta-panel-body\"><div class=\"vc_tta-panel-heading\"><h4 class=\"vc_tta-panel-title\"><a href=\"#1572010352473-9bc551b2-25a6\" data-vc-accordion data-vc-container=\".vc_tta-container\"><i class=\"vc_tta-icon careerfy-icon careerfy-user\"><\/i><span class=\"vc_tta-title-text\">VALORES<\/span><\/a><\/h4><\/div><div class=\"vc_tta-panel-body\">\n\t<div class=\"wpb_text_column wpb_content_element \" >\n\t\t<div class=\"wpb_wrapper\">\n\t\t\t<ul>\n<li>\n<h5>Pasi\u00f3n y Compromiso<\/h5>\n<\/li>\n<li>\n<h5>Alto enfoque de atenci\u00f3n al cliente<\/h5>\n<\/li>\n<li>\n<h5>Profesionalismo<\/h5>\n<\/li>\n<li>\n<h5>Mejorar siempre la calidad<\/h5>\n<\/li>\n<li>\n<h5>Innovaci\u00f3n de procesos<\/h5>\n<\/li>\n<li>\n<h5>S\u00f3lida \u00e9tica.<\/h5>\n<\/li>\n<\/ul>\n\n\t\t<\/div>\n\t<\/div>\n<\/div><\/div><\/div><\/div><\/div><\/div><\/div><\/div><\/div><div class=\"wpb_column vc_column_container vc_col-sm-6\"><div class=\"vc_column-inner\"><div class=\"wpb_wrapper\"><\/div><\/div><\/div><\/div>\n","protected":false},"excerpt":{"rendered":"Grupo Pro Es una empresa peruana dedicada a brindar soporte en procesos de Gesti\u00f3n Humana, que marca la diferencia con un servicio altamente personalizado. Nuestros procesos son dise\u00f1ados a la medida de los procesos de su organizaci\u00f3n, con un alto nivel de eficiencia. VENTAJAS Contamos con 12 a\u00f1os de experiencia. Servicio altamente personalizado para dar...","protected":false},"author":1,"featured_media":0,"parent":0,"menu_order":0,"comment_status":"closed","ping_status":"closed","template":"","meta":{"footnotes":""},"class_list":["post-142","page","type-page","status-publish","hentry"],"_links":{"self":[{"href":"https:\/\/www.grupopro.pe\/Portal\/wp-json\/wp\/v2\/pages\/142","targetHints":{"allow":["GET"]}}],"collection":[{"href":"https:\/\/www.grupopro.pe\/Portal\/wp-json\/wp\/v2\/pages"}],"about":[{"href":"https:\/\/www.grupopro.pe\/Portal\/wp-json\/wp\/v2\/types\/page"}],"author":[{"embeddable":true,"href":"https:\/\/www.grupopro.pe\/Portal\/wp-json\/wp\/v2\/users\/1"}],"replies":[{"embeddable":true,"href":"https:\/\/www.grupopro.pe\/Portal\/wp-json\/wp\/v2\/comments?post=142"}],"version-history":[{"count":66,"href":"https:\/\/www.grupopro.pe\/Portal\/wp-json\/wp\/v2\/pages\/142\/revisions"}],"predecessor-version":[{"id":1207,"href":"https:\/\/www.grupopro.pe\/Portal\/wp-json\/wp\/v2\/pages\/142\/revisions\/1207"}],"wp:attachment":[{"href":"https:\/\/www.grupopro.pe\/Portal\/wp-json\/wp\/v2\/media?parent=142"}],"curies":[{"name":"wp","href":"https:\/\/api.w.org\/{rel}","templated":true}]}}