{"id":138,"date":"2017-12-15T06:11:05","date_gmt":"2017-12-15T06:11:05","guid":{"rendered":"https:\/\/careerfy.net\/hireright\/\/?page_id=572"},"modified":"2019-12-12T15:07:31","modified_gmt":"2019-12-12T15:07:31","slug":"employers-grid","status":"publish","type":"page","link":"https:\/\/www.grupopro.pe\/Portal\/employers-grid\/","title":{"rendered":"Selecci\u00f3n y Evaluaci\u00f3n de Talento"},"content":{"rendered":"<div class=\"vc_row wpb_row vc_row-fluid vc_custom_1576013996543 vc_row-has-fill\"><div class=\"wpb_column vc_column_container vc_col-sm-6\"><div class=\"vc_column-inner\"><div class=\"wpb_wrapper\"><div class=\"careerfy-element-title\"><h2 style=\"color: #ffffff;text-align: center;font-family:Montserrat;font-weight:700;font-style:normal\" class=\"vc_custom_heading vc_custom_1576163247631\">SELECCI\u00d3N Y EVALUACI\u00d3N DE TALENTO<\/h2><\/div><div class=\"vc_empty_space\"   style=\"height: 32px\"><span class=\"vc_empty_space_inner\"><\/span><\/div>\n\t<div class=\"wpb_text_column wpb_content_element  vc_custom_1576094970700\" >\n\t\t<div class=\"wpb_wrapper\">\n\t\t\t<h5 align=\"justify\">Encontramos los mejores candidatos y cubrimos los puestos que requiere su empresa.<\/h5>\n<ul>\n<li>\n<h5>Selecci\u00f3n y Evaluaci\u00f3n de Personal de Talento.<\/h5>\n<\/li>\n<li>\n<h5>Evaluaciones Psicolaborales.<\/h5>\n<\/li>\n<li>\n<h5>Elaboraci\u00f3n de Perfil de Puestos.<\/h5>\n<\/li>\n<li>\n<h5>Assessment Center.<\/h5>\n<\/li>\n<\/ul>\n\n\t\t<\/div>\n\t<\/div>\n<\/div><\/div><\/div><div class=\"wpb_column vc_column_container vc_col-sm-6 vc_col-has-fill\"><div class=\"vc_column-inner vc_custom_1576013955892\"><div class=\"wpb_wrapper\"><div class=\"vc_empty_space\"   style=\"height: 128px\"><span class=\"vc_empty_space_inner\"><\/span><\/div><div class=\"vc_empty_space\"   style=\"height: 128px\"><span class=\"vc_empty_space_inner\"><\/span><\/div><div class=\"vc_empty_space\"   style=\"height: 128px\"><span class=\"vc_empty_space_inner\"><\/span><\/div><div class=\"vc_empty_space\"   style=\"height: 128px\"><span class=\"vc_empty_space_inner\"><\/span><\/div><\/div><\/div><\/div><\/div>\n","protected":false},"excerpt":{"rendered":"SELECCI\u00d3N Y EVALUACI\u00d3N DE TALENTO Encontramos los mejores candidatos y cubrimos los puestos que requiere su empresa. Selecci\u00f3n y Evaluaci\u00f3n de Personal de Talento. Evaluaciones Psicolaborales. Elaboraci\u00f3n de Perfil de Puestos. Assessment Center.","protected":false},"author":1,"featured_media":0,"parent":0,"menu_order":0,"comment_status":"closed","ping_status":"closed","template":"","meta":{"footnotes":""},"class_list":["post-138","page","type-page","status-publish","hentry"],"_links":{"self":[{"href":"https:\/\/www.grupopro.pe\/Portal\/wp-json\/wp\/v2\/pages\/138","targetHints":{"allow":["GET"]}}],"collection":[{"href":"https:\/\/www.grupopro.pe\/Portal\/wp-json\/wp\/v2\/pages"}],"about":[{"href":"https:\/\/www.grupopro.pe\/Portal\/wp-json\/wp\/v2\/types\/page"}],"author":[{"embeddable":true,"href":"https:\/\/www.grupopro.pe\/Portal\/wp-json\/wp\/v2\/users\/1"}],"replies":[{"embeddable":true,"href":"https:\/\/www.grupopro.pe\/Portal\/wp-json\/wp\/v2\/comments?post=138"}],"version-history":[{"count":19,"href":"https:\/\/www.grupopro.pe\/Portal\/wp-json\/wp\/v2\/pages\/138\/revisions"}],"predecessor-version":[{"id":1267,"href":"https:\/\/www.grupopro.pe\/Portal\/wp-json\/wp\/v2\/pages\/138\/revisions\/1267"}],"wp:attachment":[{"href":"https:\/\/www.grupopro.pe\/Portal\/wp-json\/wp\/v2\/media?parent=138"}],"curies":[{"name":"wp","href":"https:\/\/api.w.org\/{rel}","templated":true}]}}