{"id":130,"date":"2018-05-28T07:09:25","date_gmt":"2018-05-28T07:09:25","guid":{"rendered":"https:\/\/careerfy.net\/hireright\/?page_id=1427"},"modified":"2019-10-25T14:18:23","modified_gmt":"2019-10-25T14:18:23","slug":"privacy-policy","status":"publish","type":"page","link":"https:\/\/www.grupopro.pe\/Portal\/privacy-policy\/","title":{"rendered":"Pol\u00edticas de Privacidad"},"content":{"rendered":"<div class=\"vc_row wpb_row vc_row-fluid vc_custom_1527491487031\"><div class=\"wpb_column vc_column_container vc_col-sm-12\"><div class=\"vc_column-inner\"><div class=\"wpb_wrapper\">\n\t<div class=\"wpb_text_column wpb_content_element \" >\n\t\t<div class=\"wpb_wrapper\">\n\t\t\t<div id=\"ppHeader\">\n<div class=\"grayText\"><\/div>\n<div id=\"ppBody\">\n<div class=\"innerText\" align=\"justify\">Esta pol\u00edtica de privacidad ha sido compilada para servir mejor a aquellos que est\u00e1n preocupados por c\u00f3mo su &#8216;Informaci\u00f3n de identificaci\u00f3n personal&#8217; (PII) se utiliza en l\u00ednea. La PII, como se describe en la ley de privacidad de Per\u00fa. Y la seguridad de la informaci\u00f3n, es informaci\u00f3n que se puede usar sola o con otra informaci\u00f3n para identificar, contactar o localizar a una sola persona, o para identificar a una persona en contexto. Lea atentamente nuestra pol\u00edtica de privacidad para obtener una comprensi\u00f3n clara de c\u00f3mo recopilamos, usamos, protegemos o manejamos su informaci\u00f3n de identificaci\u00f3n personal de acuerdo con nuestro sitio web.<\/div>\n<p>&nbsp;<\/p>\n<p><strong>\u00bfCu\u00e1ndo recopilamos informaci\u00f3n?<\/strong><\/p>\n<\/div>\n<div class=\"innerText\">Recopilamos informaci\u00f3n sobre usted cuando se registra en nuestro sitio, realiza un pedido, completa un formulario, utiliza el chat en vivo, abre un ticket de soporte o ingresa informaci\u00f3n en nuestro sitio.<\/div>\n<p>&nbsp;<\/p>\n<div class=\"grayText\"><strong>\u00bfC\u00f3mo usamos su informaci\u00f3n?<\/strong><\/div>\n<div class=\"innerText\">\n<p>Podemos utilizar la informaci\u00f3n que recopilamos de usted cuando se registra, realiza una postulaci\u00f3n, se suscribe a nuestro bolet\u00edn informativo, responde a una encuesta o comunicaci\u00f3n de marketing, navega por el sitio web o utiliza otras caracter\u00edsticas del sitio de las siguientes maneras:<\/p>\n<\/div>\n<ul>\n<li>Para personalizar su experiencia y permitirnos ofrecer el tipo de contenido y ofertas en los que est\u00e1 m\u00e1s interesado.<\/li>\n<li>\u00a0Permitirnos brindarle un mejor servicio para responder a sus solicitudes de servicio al cliente.<\/li>\n<li>Para procesar r\u00e1pidamente sus transacciones.<\/li>\n<li>Hacer un seguimiento con ellos despu\u00e9s de la correspondencia (chat en vivo, correo electr\u00f3nico o consultas telef\u00f3nicas) c\u00f3mo se pronuncia<strong><br \/>\n<\/strong><\/li>\n<\/ul>\n<div class=\"grayText\"><strong>\u00bfC\u00f3mo protegemos tu informaci\u00f3n?<\/strong><\/div>\n<div><\/div>\n<div class=\"innerText\">\n<p>No utilizamos escaneo de vulnerabilidades y \/ o escaneo a est\u00e1ndares PCI.<br \/>\nSolo proporcionamos art\u00edculos e informaci\u00f3n. Nunca solicitamos n\u00fameros de tarjeta de cr\u00e9dito.<\/p>\n<p>Utilizamos el escaneo regular de malware.<\/p>\n<\/div>\n<div class=\"innerText\">Su informaci\u00f3n personal est\u00e1 contenida detr\u00e1s de redes seguras y solo es accesible por un n\u00famero limitado de personas que tienen derechos especiales de acceso a dichos sistemas, y est\u00e1n obligados a mantener la informaci\u00f3n confidencial. Adem\u00e1s, toda la informaci\u00f3n confidencial \/ crediticia que proporcione se cifra mediante la tecnolog\u00eda Secure Socket Layer (SSL).<\/div>\n<div class=\"innerText\"><\/div>\n<div class=\"grayText\"><strong>Divulgaci\u00f3n de terceros<\/strong><\/div>\n<div class=\"innerText\">No vendemos, intercambiamos ni transferimos a terceros su informaci\u00f3n de identificaci\u00f3n personal.<\/div>\n<div><\/div>\n<div class=\"grayText\"><strong>Enlaces de terceros<\/strong><\/div>\n<div class=\"innerText\">No incluimos ni ofrecemos productos o servicios de terceros en nuestro sitio web.<\/div>\n<div class=\"innerText\"><\/div>\n<div class=\"innerText\"><\/div>\n<div class=\"innerText\">\n<p><strong>Recopilamos su direcci\u00f3n de correo electr\u00f3nico para:<\/strong><\/p>\n<\/div>\n<div class=\"innerText\">\u2022 Enviar informaci\u00f3n, responder consultas y \/ u otras solicitudes o preguntas<br \/>\n\u2022 Procesar pedidos y enviar informaci\u00f3n y actualizaciones relacionadas con los pedidos.<br \/>\n\u2022 Enviarle informaci\u00f3n adicional relacionada con su producto y \/ o servicio<br \/>\n\u2022 Comercialice en nuestra lista de correo o contin\u00fae enviando correos electr\u00f3nicos a nuestros clientes despu\u00e9s de que se haya producido la transacci\u00f3n original.<\/div>\n<p>&nbsp;<\/p>\n<div class=\"blueText\"><strong>Contactando con nosotros<\/strong><\/div>\n<div class=\"innerText\">\n<p>Si tiene alguna pregunta con respecto a esta pol\u00edtica de privacidad, puede comunicarse con nosotros en el soporte.<\/p>\n<\/div>\n<\/div>\n\n\t\t<\/div>\n\t<\/div>\n<\/div><\/div><\/div><\/div><div class=\"vc_row wpb_row vc_row-fluid\"><div class=\"wpb_column vc_column_container vc_col-sm-12\"><div class=\"vc_column-inner\"><div class=\"wpb_wrapper\">\n\t<div class=\"wpb_text_column wpb_content_element \" >\n\t\t<div class=\"wpb_wrapper\">\n\t\t\t\n\t\t<\/div>\n\t<\/div>\n<\/div><\/div><\/div><\/div>\n","protected":false},"excerpt":{"rendered":"Esta pol\u00edtica de privacidad ha sido compilada para servir mejor a aquellos que est\u00e1n preocupados por c\u00f3mo su 'Informaci\u00f3n de identificaci\u00f3n personal' (PII) se utiliza en l\u00ednea. La PII, como se describe en la ley de privacidad de Per\u00fa. Y la seguridad de la informaci\u00f3n, es informaci\u00f3n que se puede usar sola o con otra...","protected":false},"author":1,"featured_media":0,"parent":0,"menu_order":0,"comment_status":"closed","ping_status":"closed","template":"","meta":{"footnotes":""},"class_list":["post-130","page","type-page","status-publish","hentry"],"_links":{"self":[{"href":"https:\/\/www.grupopro.pe\/Portal\/wp-json\/wp\/v2\/pages\/130","targetHints":{"allow":["GET"]}}],"collection":[{"href":"https:\/\/www.grupopro.pe\/Portal\/wp-json\/wp\/v2\/pages"}],"about":[{"href":"https:\/\/www.grupopro.pe\/Portal\/wp-json\/wp\/v2\/types\/page"}],"author":[{"embeddable":true,"href":"https:\/\/www.grupopro.pe\/Portal\/wp-json\/wp\/v2\/users\/1"}],"replies":[{"embeddable":true,"href":"https:\/\/www.grupopro.pe\/Portal\/wp-json\/wp\/v2\/comments?post=130"}],"version-history":[{"count":6,"href":"https:\/\/www.grupopro.pe\/Portal\/wp-json\/wp\/v2\/pages\/130\/revisions"}],"predecessor-version":[{"id":453,"href":"https:\/\/www.grupopro.pe\/Portal\/wp-json\/wp\/v2\/pages\/130\/revisions\/453"}],"wp:attachment":[{"href":"https:\/\/www.grupopro.pe\/Portal\/wp-json\/wp\/v2\/media?parent=130"}],"curies":[{"name":"wp","href":"https:\/\/api.w.org\/{rel}","templated":true}]}}