{"id":129,"date":"2018-05-28T07:11:33","date_gmt":"2018-05-28T07:11:33","guid":{"rendered":"https:\/\/careerfy.net\/hireright\/?page_id=1428"},"modified":"2019-10-25T14:05:03","modified_gmt":"2019-10-25T14:05:03","slug":"terms-and-conditions","status":"publish","type":"page","link":"https:\/\/www.grupopro.pe\/Portal\/terms-and-conditions\/","title":{"rendered":"T\u00e9rminos y Condiciones"},"content":{"rendered":"<h2>Bienvenido a los T\u00e9rminos y Condiciones de Pro Outsourcing<\/h2>\n<p>Estos t\u00e9rminos y condiciones describen las reglas y regulaciones para el uso del sitio web de Pro Outsourcing.<\/p>\n<p align=\"justify\">Al acceder a este sitio web asumimos que acepta estos t\u00e9rminos y condiciones en su totalidad. No contin\u00fae usando el sitio web de Pro Outsourcing si no acepta todos los t\u00e9rminos y condiciones establecidos en esta p\u00e1gina.<\/p>\n<p align=\"justify\">La siguiente terminolog\u00eda se aplica a estos T\u00e9rminos y condiciones, Declaraci\u00f3n de privacidad y Aviso de exenci\u00f3n de responsabilidad y cualquiera o todos los Acuerdos: &#8220;Cliente&#8221;, &#8220;Usted&#8221; y &#8220;Su&#8221; se refiere a usted, la persona que accede a este sitio web y acepta los t\u00e9rminos y condiciones de la Compa\u00f1\u00eda. &#8220;La Compa\u00f1\u00eda&#8221;, &#8220;Nosotros&#8221;, &#8220;Nosotros&#8221;, &#8220;Nuestro&#8221; y &#8220;Nosotros&#8221;, se refiere a nuestra Compa\u00f1\u00eda. &#8220;Parte&#8221;, &#8220;Partes&#8221; o &#8220;Nosotros&#8221;, se refiere tanto al Cliente como a nosotros mismos, o bien al Cliente o a nosotros mismos. Todos los t\u00e9rminos se refieren a la oferta, aceptaci\u00f3n y consideraci\u00f3n de lo necesario para llevar a cabo el proceso de nuestra asistencia al Cliente de la manera m\u00e1s adecuada, ya sea mediante reuniones formales de duraci\u00f3n fija o por cualquier otro medio, con el prop\u00f3sito expreso de cumplir con el Las necesidades del cliente con respecto a la provisi\u00f3n de los servicios \/ productos declarados de la Compa\u00f1\u00eda, de acuerdo con y sujeto a la ley vigente de Per\u00fa. Cualquier uso de la terminolog\u00eda anterior u otras palabras en singular, plural, may\u00fasculas y \/ o \u00e9l \/ ella o ellos, se toman como intercambiables y, por lo tanto, se refieren a la misma.<\/p>\n<h2>Cookies<\/h2>\n<p>Empleamos el uso de cookies. Al utilizar el sitio web de Pro Outsourcing, acepta el uso de cookies de acuerdo con la pol\u00edtica de privacidad de Pro Outsourcing.<\/p>\n<p>La mayor\u00eda de los sitios web interactivos de hoy en d\u00eda usan cookies para permitirnos recuperar los detalles del usuario para cada visita. Las cookies se utilizan en algunas \u00e1reas de nuestro sitio para permitir la funcionalidad de esta \u00e1rea y la facilidad de uso de las personas que visitan. Algunos de nuestros socios afiliados \/ publicitarios tambi\u00e9n pueden usar cookies.<\/p>\n<h2>Licencia<\/h2>\n<p align=\"justify\">A menos que se indique lo contrario, Pro Outsourcing y \/ o sus licencias poseen los derechos de propiedad intelectual de todo el material en Pro Outsourcing. Todos los derechos de propiedad intelectual est\u00e1n reservados. Puede ver y \/ o imprimir p\u00e1ginas para su propio uso personal sujeto a las restricciones establecidas en estos t\u00e9rminos y condiciones.<\/p>\n<p>No debes:<\/p>\n<ol>\n<li>Volver a publicar material de https:\/\/grupopro.pe<\/li>\n<li>Vender, alquilar&nbsp; material de https:\/\/grupopro.pe<\/li>\n<li>Reproduzca, duplique o copie material de https:\/\/grupopro.pe<\/li>\n<\/ol>\n<h2>Iframes<\/h2>\n<p>Sin aprobaci\u00f3n previa y permiso expreso por escrito, no puede crear marcos alrededor de nuestras p\u00e1ginas web ni utilizar otras t\u00e9cnicas que alteren de alguna manera la presentaci\u00f3n visual o la apariencia de nuestro sitio web.<\/p>\n<h2>Derechos Reservados<\/h2>\n<p align=\"justify\">Nos reservamos el derecho en cualquier momento y a su exclusivo criterio de solicitar que elimine todos los enlaces o cualquier enlace particular a nuestro sitio web. Usted acepta eliminar de inmediato todos los enlaces a nuestro sitio web cuando lo solicite. Tambi\u00e9n nos reservamos el derecho de modificar estos t\u00e9rminos y condiciones y su pol\u00edtica de vinculaci\u00f3n en cualquier momento. Al continuar haciendo uso de alg\u00fan enlace a nuestro sitio web, usted acepta estar sujeto y cumplir con estos t\u00e9rminos y condiciones de enlace.<\/p>\n<p>&nbsp;<\/p>\n","protected":false},"excerpt":{"rendered":"<p>Bienvenido a los T\u00e9rminos y Condiciones de Pro Outsourcing Estos t\u00e9rminos y condiciones describen las reglas y regulaciones para el uso del sitio web de Pro Outsourcing. Al acceder a este sitio web asumimos que acepta estos t\u00e9rminos y condiciones en su totalidad. No contin\u00fae usando el sitio web de Pro Outsourcing si no acepta&#8230;<\/p>\n","protected":false},"author":1,"featured_media":0,"parent":0,"menu_order":0,"comment_status":"closed","ping_status":"closed","template":"","meta":{"footnotes":""},"class_list":["post-129","page","type-page","status-publish","hentry"],"_links":{"self":[{"href":"https:\/\/www.grupopro.pe\/Portal\/wp-json\/wp\/v2\/pages\/129","targetHints":{"allow":["GET"]}}],"collection":[{"href":"https:\/\/www.grupopro.pe\/Portal\/wp-json\/wp\/v2\/pages"}],"about":[{"href":"https:\/\/www.grupopro.pe\/Portal\/wp-json\/wp\/v2\/types\/page"}],"author":[{"embeddable":true,"href":"https:\/\/www.grupopro.pe\/Portal\/wp-json\/wp\/v2\/users\/1"}],"replies":[{"embeddable":true,"href":"https:\/\/www.grupopro.pe\/Portal\/wp-json\/wp\/v2\/comments?post=129"}],"version-history":[{"count":6,"href":"https:\/\/www.grupopro.pe\/Portal\/wp-json\/wp\/v2\/pages\/129\/revisions"}],"predecessor-version":[{"id":452,"href":"https:\/\/www.grupopro.pe\/Portal\/wp-json\/wp\/v2\/pages\/129\/revisions\/452"}],"wp:attachment":[{"href":"https:\/\/www.grupopro.pe\/Portal\/wp-json\/wp\/v2\/media?parent=129"}],"curies":[{"name":"wp","href":"https:\/\/api.w.org\/{rel}","templated":true}]}}